{"id":645,"date":"2021-12-27T10:39:53","date_gmt":"2021-12-27T15:39:53","guid":{"rendered":"https:\/\/pramadexcorp.com\/?page_id=645"},"modified":"2024-09-17T09:24:34","modified_gmt":"2024-09-17T14:24:34","slug":"contactenos","status":"publish","type":"page","link":"https:\/\/pramadexcorp.com\/en\/contact-us\/","title":{"rendered":"Contact Us"},"content":{"rendered":"<div data-elementor-type=\"wp-page\" data-elementor-id=\"645\" class=\"elementor elementor-645\" data-elementor-post-type=\"page\">\n\t\t\t\t\t\t<section class=\"elementor-section elementor-top-section elementor-element elementor-element-31785cd elementor-section-height-min-height elementor-section-boxed elementor-section-height-default elementor-section-items-middle\" data-id=\"31785cd\" data-element_type=\"section\" data-settings=\"{&quot;background_background&quot;:&quot;classic&quot;}\">\n\t\t\t\t\t\t\t<div class=\"elementor-background-overlay\"><\/div>\n\t\t\t\t\t\t\t<div class=\"elementor-container elementor-column-gap-default\">\n\t\t\t\t\t<div class=\"elementor-column elementor-col-100 elementor-top-column elementor-element elementor-element-ccee95c\" data-id=\"ccee95c\" data-element_type=\"column\">\n\t\t\t<div class=\"elementor-widget-wrap elementor-element-populated\">\n\t\t\t\t\t\t<div class=\"elementor-element elementor-element-89b01cd elementor-widget elementor-widget-heading\" data-id=\"89b01cd\" data-element_type=\"widget\" data-widget_type=\"heading.default\">\n\t\t\t\t<div class=\"elementor-widget-container\">\n\t\t\t\t\t<h2 class=\"elementor-heading-title elementor-size-default\">Contact Us <\/h2>\t\t\t\t<\/div>\n\t\t\t\t<\/div>\n\t\t\t\t<div class=\"elementor-element elementor-element-57c5efb elementor-widget elementor-widget-heading\" data-id=\"57c5efb\" data-element_type=\"widget\" data-widget_type=\"heading.default\">\n\t\t\t\t<div class=\"elementor-widget-container\">\n\t\t\t\t\t<p class=\"elementor-heading-title elementor-size-default\">If you are interested in our services or require any additional information, do not hesitate to contact us.<\/p>\t\t\t\t<\/div>\n\t\t\t\t<\/div>\n\t\t\t\t\t<\/div>\n\t\t<\/div>\n\t\t\t\t\t<\/div>\n\t\t<\/section>\n\t\t\t\t<section class=\"elementor-section elementor-top-section elementor-element elementor-element-95b6a82 elementor-section-boxed elementor-section-height-default elementor-section-height-default\" data-id=\"95b6a82\" data-element_type=\"section\">\n\t\t\t\t\t\t<div class=\"elementor-container elementor-column-gap-default\">\n\t\t\t\t\t<div class=\"elementor-column elementor-col-100 elementor-top-column elementor-element elementor-element-40c1ac2\" data-id=\"40c1ac2\" data-element_type=\"column\">\n\t\t\t<div class=\"elementor-widget-wrap elementor-element-populated\">\n\t\t\t\t\t\t<section class=\"elementor-section elementor-inner-section elementor-element elementor-element-597b25b3 elementor-section-boxed elementor-section-height-default elementor-section-height-default\" data-id=\"597b25b3\" data-element_type=\"section\" data-settings=\"{&quot;background_background&quot;:&quot;classic&quot;}\">\n\t\t\t\t\t\t<div class=\"elementor-container elementor-column-gap-default\">\n\t\t\t\t\t<div class=\"elementor-column elementor-col-50 elementor-inner-column elementor-element elementor-element-176dbe2e\" data-id=\"176dbe2e\" data-element_type=\"column\">\n\t\t\t<div class=\"elementor-widget-wrap elementor-element-populated\">\n\t\t\t\t\t\t<div class=\"elementor-element elementor-element-7d7671c elementor-icon-list--layout-traditional elementor-list-item-link-full_width elementor-widget elementor-widget-icon-list\" data-id=\"7d7671c\" data-element_type=\"widget\" data-widget_type=\"icon-list.default\">\n\t\t\t\t<div class=\"elementor-widget-container\">\n\t\t\t\t\t\t\t<ul class=\"elementor-icon-list-items\">\n\t\t\t\t\t\t\t<li class=\"elementor-icon-list-item\">\n\t\t\t\t\t\t\t\t\t\t\t<span class=\"elementor-icon-list-icon\">\n\t\t\t\t\t\t\t<i aria-hidden=\"true\" class=\"fas fa-phone-alt\"><\/i>\t\t\t\t\t\t<\/span>\n\t\t\t\t\t\t\t\t\t\t<span class=\"elementor-icon-list-text\">Phone<\/span>\n\t\t\t\t\t\t\t\t\t<\/li>\n\t\t\t\t\t\t<\/ul>\n\t\t\t\t\t\t<\/div>\n\t\t\t\t<\/div>\n\t\t\t\t<div class=\"elementor-element elementor-element-1b60d31 elementor-widget elementor-widget-heading\" data-id=\"1b60d31\" data-element_type=\"widget\" data-widget_type=\"heading.default\">\n\t\t\t\t<div class=\"elementor-widget-container\">\n\t\t\t\t\t<p class=\"elementor-heading-title elementor-size-default\">+507 392-6491<\/p>\t\t\t\t<\/div>\n\t\t\t\t<\/div>\n\t\t\t\t<div class=\"elementor-element elementor-element-5f02a8c elementor-widget elementor-widget-button\" data-id=\"5f02a8c\" data-element_type=\"widget\" data-widget_type=\"button.default\">\n\t\t\t\t<div class=\"elementor-widget-container\">\n\t\t\t\t\t\t\t\t\t<div class=\"elementor-button-wrapper\">\n\t\t\t\t\t<a class=\"elementor-button elementor-button-link elementor-size-sm\" href=\"tel:5073926491\">\n\t\t\t\t\t\t<span class=\"elementor-button-content-wrapper\">\n\t\t\t\t\t\t\t\t\t<span class=\"elementor-button-text\">Call<\/span>\n\t\t\t\t\t<\/span>\n\t\t\t\t\t<\/a>\n\t\t\t\t<\/div>\n\t\t\t\t\t\t\t\t<\/div>\n\t\t\t\t<\/div>\n\t\t\t\t<div class=\"elementor-element elementor-element-df7e889 elementor-icon-list--layout-traditional elementor-list-item-link-full_width elementor-widget elementor-widget-icon-list\" data-id=\"df7e889\" data-element_type=\"widget\" data-widget_type=\"icon-list.default\">\n\t\t\t\t<div class=\"elementor-widget-container\">\n\t\t\t\t\t\t\t<ul class=\"elementor-icon-list-items\">\n\t\t\t\t\t\t\t<li class=\"elementor-icon-list-item\">\n\t\t\t\t\t\t\t\t\t\t\t<span class=\"elementor-icon-list-icon\">\n\t\t\t\t\t\t\t<i aria-hidden=\"true\" class=\"fab fa-whatsapp\"><\/i>\t\t\t\t\t\t<\/span>\n\t\t\t\t\t\t\t\t\t\t<span class=\"elementor-icon-list-text\">Whatsapp<\/span>\n\t\t\t\t\t\t\t\t\t<\/li>\n\t\t\t\t\t\t<\/ul>\n\t\t\t\t\t\t<\/div>\n\t\t\t\t<\/div>\n\t\t\t\t<div class=\"elementor-element elementor-element-929c137 elementor-widget elementor-widget-heading\" data-id=\"929c137\" data-element_type=\"widget\" data-widget_type=\"heading.default\">\n\t\t\t\t<div class=\"elementor-widget-container\">\n\t\t\t\t\t<p class=\"elementor-heading-title elementor-size-default\">+507 6674-0046<\/p>\t\t\t\t<\/div>\n\t\t\t\t<\/div>\n\t\t\t\t<div class=\"elementor-element elementor-element-5ebb0c2 elementor-widget elementor-widget-button\" data-id=\"5ebb0c2\" data-element_type=\"widget\" data-widget_type=\"button.default\">\n\t\t\t\t<div class=\"elementor-widget-container\">\n\t\t\t\t\t\t\t\t\t<div class=\"elementor-button-wrapper\">\n\t\t\t\t\t<a class=\"elementor-button elementor-button-link elementor-size-sm\" href=\"https:\/\/api.whatsapp.com\/send?phone=50766740046\">\n\t\t\t\t\t\t<span class=\"elementor-button-content-wrapper\">\n\t\t\t\t\t\t\t\t\t<span class=\"elementor-button-text\">Chat\u00e9anos<\/span>\n\t\t\t\t\t<\/span>\n\t\t\t\t\t<\/a>\n\t\t\t\t<\/div>\n\t\t\t\t\t\t\t\t<\/div>\n\t\t\t\t<\/div>\n\t\t\t\t<div class=\"elementor-element elementor-element-11e89ca elementor-icon-list--layout-traditional elementor-list-item-link-full_width elementor-widget elementor-widget-icon-list\" data-id=\"11e89ca\" data-element_type=\"widget\" data-widget_type=\"icon-list.default\">\n\t\t\t\t<div class=\"elementor-widget-container\">\n\t\t\t\t\t\t\t<ul class=\"elementor-icon-list-items\">\n\t\t\t\t\t\t\t<li class=\"elementor-icon-list-item\">\n\t\t\t\t\t\t\t\t\t\t\t<span class=\"elementor-icon-list-icon\">\n\t\t\t\t\t\t\t<i aria-hidden=\"true\" class=\"far fa-envelope\"><\/i>\t\t\t\t\t\t<\/span>\n\t\t\t\t\t\t\t\t\t\t<span class=\"elementor-icon-list-text\">Email<\/span>\n\t\t\t\t\t\t\t\t\t<\/li>\n\t\t\t\t\t\t<\/ul>\n\t\t\t\t\t\t<\/div>\n\t\t\t\t<\/div>\n\t\t\t\t<div class=\"elementor-element elementor-element-6bd76cc elementor-widget elementor-widget-heading\" data-id=\"6bd76cc\" data-element_type=\"widget\" data-widget_type=\"heading.default\">\n\t\t\t\t<div class=\"elementor-widget-container\">\n\t\t\t\t\t<p class=\"elementor-heading-title elementor-size-default\">administracion@pramadexcorp.com<\/p>\t\t\t\t<\/div>\n\t\t\t\t<\/div>\n\t\t\t\t<div class=\"elementor-element elementor-element-4f5cb70 elementor-widget elementor-widget-button\" data-id=\"4f5cb70\" data-element_type=\"widget\" data-widget_type=\"button.default\">\n\t\t\t\t<div class=\"elementor-widget-container\">\n\t\t\t\t\t\t\t\t\t<div class=\"elementor-button-wrapper\">\n\t\t\t\t\t<a class=\"elementor-button elementor-button-link elementor-size-sm\" href=\"mailto:administracion@pramadexcorp.com\">\n\t\t\t\t\t\t<span class=\"elementor-button-content-wrapper\">\n\t\t\t\t\t\t\t\t\t<span class=\"elementor-button-text\">Write us<\/span>\n\t\t\t\t\t<\/span>\n\t\t\t\t\t<\/a>\n\t\t\t\t<\/div>\n\t\t\t\t\t\t\t\t<\/div>\n\t\t\t\t<\/div>\n\t\t\t\t<div class=\"elementor-element elementor-element-f1c0e71 elementor-icon-list--layout-traditional elementor-list-item-link-full_width elementor-widget elementor-widget-icon-list\" data-id=\"f1c0e71\" data-element_type=\"widget\" data-widget_type=\"icon-list.default\">\n\t\t\t\t<div class=\"elementor-widget-container\">\n\t\t\t\t\t\t\t<ul class=\"elementor-icon-list-items\">\n\t\t\t\t\t\t\t<li class=\"elementor-icon-list-item\">\n\t\t\t\t\t\t\t\t\t\t\t<span class=\"elementor-icon-list-icon\">\n\t\t\t\t\t\t\t<i aria-hidden=\"true\" class=\"far fa-clock\"><\/i>\t\t\t\t\t\t<\/span>\n\t\t\t\t\t\t\t\t\t\t<span class=\"elementor-icon-list-text\">Office hours<\/span>\n\t\t\t\t\t\t\t\t\t<\/li>\n\t\t\t\t\t\t<\/ul>\n\t\t\t\t\t\t<\/div>\n\t\t\t\t<\/div>\n\t\t\t\t<div class=\"elementor-element elementor-element-ff232ef elementor-widget elementor-widget-heading\" data-id=\"ff232ef\" data-element_type=\"widget\" data-widget_type=\"heading.default\">\n\t\t\t\t<div class=\"elementor-widget-container\">\n\t\t\t\t\t<p class=\"elementor-heading-title elementor-size-default\">Monday to friday: 8am - 4:30pm<\/p>\t\t\t\t<\/div>\n\t\t\t\t<\/div>\n\t\t\t\t<div class=\"elementor-element elementor-element-7b14279 elementor-icon-list--layout-traditional elementor-list-item-link-full_width elementor-widget elementor-widget-icon-list\" data-id=\"7b14279\" data-element_type=\"widget\" data-widget_type=\"icon-list.default\">\n\t\t\t\t<div class=\"elementor-widget-container\">\n\t\t\t\t\t\t\t<ul class=\"elementor-icon-list-items\">\n\t\t\t\t\t\t\t<li class=\"elementor-icon-list-item\">\n\t\t\t\t\t\t\t\t\t\t\t<span class=\"elementor-icon-list-icon\">\n\t\t\t\t\t\t\t<i aria-hidden=\"true\" class=\"fas fa-map-marker-alt\"><\/i>\t\t\t\t\t\t<\/span>\n\t\t\t\t\t\t\t\t\t\t<span class=\"elementor-icon-list-text\">Location<\/span>\n\t\t\t\t\t\t\t\t\t<\/li>\n\t\t\t\t\t\t<\/ul>\n\t\t\t\t\t\t<\/div>\n\t\t\t\t<\/div>\n\t\t\t\t<div class=\"elementor-element elementor-element-8decb4e elementor-widget elementor-widget-heading\" data-id=\"8decb4e\" data-element_type=\"widget\" data-widget_type=\"heading.default\">\n\t\t\t\t<div class=\"elementor-widget-container\">\n\t\t\t\t\t<p class=\"elementor-heading-title elementor-size-default\">F &amp; F Tower , Piso 33, Oficina C, Obarrio, Ciudad de Panam\u00e1.<\/p>\t\t\t\t<\/div>\n\t\t\t\t<\/div>\n\t\t\t\t<div class=\"elementor-element elementor-element-37bcf31 elementor-widget elementor-widget-button\" data-id=\"37bcf31\" data-element_type=\"widget\" data-widget_type=\"button.default\">\n\t\t\t\t<div class=\"elementor-widget-container\">\n\t\t\t\t\t\t\t\t\t<div class=\"elementor-button-wrapper\">\n\t\t\t\t\t<a class=\"elementor-button elementor-button-link elementor-size-sm\" href=\"https:\/\/goo.gl\/maps\/yr8pAsF7XrzLtP9u5\">\n\t\t\t\t\t\t<span class=\"elementor-button-content-wrapper\">\n\t\t\t\t\t\t\t\t\t<span class=\"elementor-button-text\">Visita Nuestras Oficinas<\/span>\n\t\t\t\t\t<\/span>\n\t\t\t\t\t<\/a>\n\t\t\t\t<\/div>\n\t\t\t\t\t\t\t\t<\/div>\n\t\t\t\t<\/div>\n\t\t\t\t\t<\/div>\n\t\t<\/div>\n\t\t\t\t<div class=\"elementor-column elementor-col-50 elementor-inner-column elementor-element elementor-element-6019ff4\" data-id=\"6019ff4\" data-element_type=\"column\">\n\t\t\t<div class=\"elementor-widget-wrap elementor-element-populated\">\n\t\t\t\t\t\t<div class=\"elementor-element elementor-element-7afda2c elementor-widget elementor-widget-google_maps\" data-id=\"7afda2c\" data-element_type=\"widget\" data-widget_type=\"google_maps.default\">\n\t\t\t\t<div class=\"elementor-widget-container\">\n\t\t\t\t\t\t\t<div class=\"elementor-custom-embed\">\n\t\t\t<iframe loading=\"lazy\"\n\t\t\t\t\tsrc=\"https:\/\/maps.google.com\/maps?q=F%26F%20Tower&#038;t=m&#038;z=16&#038;output=embed&#038;iwloc=near\"\n\t\t\t\t\ttitle=\"F&amp;F Tower\"\n\t\t\t\t\taria-label=\"F&amp;F Tower\"\n\t\t\t><\/iframe>\n\t\t<\/div>\n\t\t\t\t\t\t<\/div>\n\t\t\t\t<\/div>\n\t\t\t\t<div class=\"elementor-element elementor-element-d010065 elementor-icon-list--layout-traditional elementor-list-item-link-full_width elementor-widget elementor-widget-icon-list\" data-id=\"d010065\" data-element_type=\"widget\" data-widget_type=\"icon-list.default\">\n\t\t\t\t<div class=\"elementor-widget-container\">\n\t\t\t\t\t\t\t<ul class=\"elementor-icon-list-items\">\n\t\t\t\t\t\t\t<li class=\"elementor-icon-list-item\">\n\t\t\t\t\t\t\t\t\t\t\t<span class=\"elementor-icon-list-icon\">\n\t\t\t\t\t\t\t<i aria-hidden=\"true\" class=\"fab fa-instagram\"><\/i>\t\t\t\t\t\t<\/span>\n\t\t\t\t\t\t\t\t\t\t<span class=\"elementor-icon-list-text\">Instagram<\/span>\n\t\t\t\t\t\t\t\t\t<\/li>\n\t\t\t\t\t\t<\/ul>\n\t\t\t\t\t\t<\/div>\n\t\t\t\t<\/div>\n\t\t\t\t<div class=\"elementor-element elementor-element-621f09d elementor-widget elementor-widget-heading\" data-id=\"621f09d\" data-element_type=\"widget\" data-widget_type=\"heading.default\">\n\t\t\t\t<div class=\"elementor-widget-container\">\n\t\t\t\t\t<p class=\"elementor-heading-title elementor-size-default\">Pramadex Corporation Panam\u00e1<\/p>\t\t\t\t<\/div>\n\t\t\t\t<\/div>\n\t\t\t\t<div class=\"elementor-element elementor-element-a653789 elementor-widget elementor-widget-button\" data-id=\"a653789\" data-element_type=\"widget\" data-widget_type=\"button.default\">\n\t\t\t\t<div class=\"elementor-widget-container\">\n\t\t\t\t\t\t\t\t\t<div class=\"elementor-button-wrapper\">\n\t\t\t\t\t<a class=\"elementor-button elementor-button-link elementor-size-sm\" href=\"https:\/\/www.instagram.com\/pramadex_corporation_panama\/\">\n\t\t\t\t\t\t<span class=\"elementor-button-content-wrapper\">\n\t\t\t\t\t\t\t\t\t<span class=\"elementor-button-text\">S\u00edguenos<\/span>\n\t\t\t\t\t<\/span>\n\t\t\t\t\t<\/a>\n\t\t\t\t<\/div>\n\t\t\t\t\t\t\t\t<\/div>\n\t\t\t\t<\/div>\n\t\t\t\t\t<\/div>\n\t\t<\/div>\n\t\t\t\t\t<\/div>\n\t\t<\/section>\n\t\t\t\t\t<\/div>\n\t\t<\/div>\n\t\t\t\t\t<\/div>\n\t\t<\/section>\n\t\t\t\t<\/div>","protected":false},"excerpt":{"rendered":"<p>Cont\u00e1ctenos Si esta interesado en nuestros servicios o necesita alguna informaci\u00f3n adicional no dude en contactarnos, estamos para servirle. Tel\u00e9fono +507 392-6491 Llamar Whatsapp +507 6674-0046 Chat\u00e9anos Email administracion@pramadexcorp.com Escribir Horario Lunes a viernes: 8am &#8211; 4:30pm Direcci\u00f3n F &#038; F Tower , Piso 33, Oficina C, Obarrio, Ciudad de Panam\u00e1. Visita Nuestras Oficinas Instagram [&hellip;]<\/p>","protected":false},"author":2,"featured_media":815,"parent":0,"menu_order":0,"comment_status":"closed","ping_status":"closed","template":"","meta":{"footnotes":""},"class_list":["post-645","page","type-page","status-publish","has-post-thumbnail","hentry"],"yoast_head":"<!-- This site is optimized with the Yoast SEO plugin v26.9 - https:\/\/yoast.com\/product\/yoast-seo-wordpress\/ -->\n<title>Pramadex Corporation Panama - Expertos en Family Office<\/title>\n<meta name=\"description\" content=\"Somos especialistas en la gesti\u00f3n de patrimonio utilizando las mejores estrategias para preservar y expandir su patrimonio.\" \/>\n<meta name=\"robots\" content=\"index, follow, max-snippet:-1, max-image-preview:large, max-video-preview:-1\" \/>\n<link rel=\"canonical\" href=\"https:\/\/pramadexcorp.com\/en\/contactenos\/\" \/>\n<meta property=\"og:locale\" content=\"en_US\" \/>\n<meta property=\"og:type\" content=\"article\" \/>\n<meta property=\"og:title\" content=\"Pramadex Corporation Panama - Expertos en Family Office\" \/>\n<meta property=\"og:description\" content=\"Somos especialistas en la gesti\u00f3n de patrimonio utilizando las mejores estrategias para preservar y expandir su patrimonio.\" \/>\n<meta property=\"og:url\" content=\"https:\/\/pramadexcorp.com\/en\/contactenos\/\" \/>\n<meta property=\"og:site_name\" content=\"PRAMADEX CORPORATION PANAMA\" \/>\n<meta property=\"article:modified_time\" content=\"2024-09-17T14:24:34+00:00\" \/>\n<meta property=\"og:image\" content=\"https:\/\/pramadexcorp.com\/wp-content\/uploads\/2021\/12\/fondo_header_3.jpg\" \/>\n\t<meta property=\"og:image:width\" content=\"1920\" \/>\n\t<meta property=\"og:image:height\" content=\"1281\" \/>\n\t<meta property=\"og:image:type\" content=\"image\/jpeg\" \/>\n<meta name=\"twitter:card\" content=\"summary_large_image\" \/>\n<meta name=\"twitter:label1\" content=\"Est. reading time\" \/>\n\t<meta name=\"twitter:data1\" content=\"1 minute\" \/>\n<script type=\"application\/ld+json\" class=\"yoast-schema-graph\">{\"@context\":\"https:\/\/schema.org\",\"@graph\":[{\"@type\":\"WebPage\",\"@id\":\"https:\/\/pramadexcorp.com\/contactenos\/\",\"url\":\"https:\/\/pramadexcorp.com\/contactenos\/\",\"name\":\"Pramadex Corporation Panama - Expertos en Family Office\",\"isPartOf\":{\"@id\":\"https:\/\/pramadexcorp.com\/#website\"},\"primaryImageOfPage\":{\"@id\":\"https:\/\/pramadexcorp.com\/contactenos\/#primaryimage\"},\"image\":{\"@id\":\"https:\/\/pramadexcorp.com\/contactenos\/#primaryimage\"},\"thumbnailUrl\":\"https:\/\/pramadexcorp.com\/wp-content\/uploads\/2021\/12\/fondo_header_3.jpg\",\"datePublished\":\"2021-12-27T15:39:53+00:00\",\"dateModified\":\"2024-09-17T14:24:34+00:00\",\"description\":\"Somos especialistas en la gesti\u00f3n de patrimonio utilizando las mejores estrategias para preservar y expandir su patrimonio.\",\"breadcrumb\":{\"@id\":\"https:\/\/pramadexcorp.com\/contactenos\/#breadcrumb\"},\"inLanguage\":\"en-US\",\"potentialAction\":[{\"@type\":\"ReadAction\",\"target\":[\"https:\/\/pramadexcorp.com\/contactenos\/\"]}]},{\"@type\":\"ImageObject\",\"inLanguage\":\"en-US\",\"@id\":\"https:\/\/pramadexcorp.com\/contactenos\/#primaryimage\",\"url\":\"https:\/\/pramadexcorp.com\/wp-content\/uploads\/2021\/12\/fondo_header_3.jpg\",\"contentUrl\":\"https:\/\/pramadexcorp.com\/wp-content\/uploads\/2021\/12\/fondo_header_3.jpg\",\"width\":1920,\"height\":1281},{\"@type\":\"BreadcrumbList\",\"@id\":\"https:\/\/pramadexcorp.com\/contactenos\/#breadcrumb\",\"itemListElement\":[{\"@type\":\"ListItem\",\"position\":1,\"name\":\"Portada\",\"item\":\"https:\/\/pramadexcorp.com\/\"},{\"@type\":\"ListItem\",\"position\":2,\"name\":\"Cont\u00e1ctenos\"}]},{\"@type\":\"WebSite\",\"@id\":\"https:\/\/pramadexcorp.com\/#website\",\"url\":\"https:\/\/pramadexcorp.com\/\",\"name\":\"PRAMADEX CORPORATION PANAMA\",\"description\":\"\",\"publisher\":{\"@id\":\"https:\/\/pramadexcorp.com\/#organization\"},\"potentialAction\":[{\"@type\":\"SearchAction\",\"target\":{\"@type\":\"EntryPoint\",\"urlTemplate\":\"https:\/\/pramadexcorp.com\/?s={search_term_string}\"},\"query-input\":{\"@type\":\"PropertyValueSpecification\",\"valueRequired\":true,\"valueName\":\"search_term_string\"}}],\"inLanguage\":\"en-US\"},{\"@type\":\"Organization\",\"@id\":\"https:\/\/pramadexcorp.com\/#organization\",\"name\":\"Pramadex Corporation Panama\",\"url\":\"https:\/\/pramadexcorp.com\/\",\"logo\":{\"@type\":\"ImageObject\",\"inLanguage\":\"en-US\",\"@id\":\"https:\/\/pramadexcorp.com\/#\/schema\/logo\/image\/\",\"url\":\"https:\/\/pramadexcorp.com\/wp-content\/uploads\/2016\/03\/favicon.gif\",\"contentUrl\":\"https:\/\/pramadexcorp.com\/wp-content\/uploads\/2016\/03\/favicon.gif\",\"width\":161,\"height\":152,\"caption\":\"Pramadex Corporation Panama\"},\"image\":{\"@id\":\"https:\/\/pramadexcorp.com\/#\/schema\/logo\/image\/\"}}]}<\/script>\n<!-- \/ Yoast SEO plugin. -->","yoast_head_json":{"title":"Pramadex Corporation Panama - Expertos en Family Office","description":"Somos especialistas en la gesti\u00f3n de patrimonio utilizando las mejores estrategias para preservar y expandir su patrimonio.","robots":{"index":"index","follow":"follow","max-snippet":"max-snippet:-1","max-image-preview":"max-image-preview:large","max-video-preview":"max-video-preview:-1"},"canonical":"https:\/\/pramadexcorp.com\/en\/contactenos\/","og_locale":"en_US","og_type":"article","og_title":"Pramadex Corporation Panama - Expertos en Family Office","og_description":"Somos especialistas en la gesti\u00f3n de patrimonio utilizando las mejores estrategias para preservar y expandir su patrimonio.","og_url":"https:\/\/pramadexcorp.com\/en\/contactenos\/","og_site_name":"PRAMADEX CORPORATION PANAMA","article_modified_time":"2024-09-17T14:24:34+00:00","og_image":[{"width":1920,"height":1281,"url":"https:\/\/pramadexcorp.com\/wp-content\/uploads\/2021\/12\/fondo_header_3.jpg","type":"image\/jpeg"}],"twitter_card":"summary_large_image","twitter_misc":{"Est. reading time":"1 minute"},"schema":{"@context":"https:\/\/schema.org","@graph":[{"@type":"WebPage","@id":"https:\/\/pramadexcorp.com\/contactenos\/","url":"https:\/\/pramadexcorp.com\/contactenos\/","name":"Pramadex Corporation Panama - Expertos en Family Office","isPartOf":{"@id":"https:\/\/pramadexcorp.com\/#website"},"primaryImageOfPage":{"@id":"https:\/\/pramadexcorp.com\/contactenos\/#primaryimage"},"image":{"@id":"https:\/\/pramadexcorp.com\/contactenos\/#primaryimage"},"thumbnailUrl":"https:\/\/pramadexcorp.com\/wp-content\/uploads\/2021\/12\/fondo_header_3.jpg","datePublished":"2021-12-27T15:39:53+00:00","dateModified":"2024-09-17T14:24:34+00:00","description":"Somos especialistas en la gesti\u00f3n de patrimonio utilizando las mejores estrategias para preservar y expandir su patrimonio.","breadcrumb":{"@id":"https:\/\/pramadexcorp.com\/contactenos\/#breadcrumb"},"inLanguage":"en-US","potentialAction":[{"@type":"ReadAction","target":["https:\/\/pramadexcorp.com\/contactenos\/"]}]},{"@type":"ImageObject","inLanguage":"en-US","@id":"https:\/\/pramadexcorp.com\/contactenos\/#primaryimage","url":"https:\/\/pramadexcorp.com\/wp-content\/uploads\/2021\/12\/fondo_header_3.jpg","contentUrl":"https:\/\/pramadexcorp.com\/wp-content\/uploads\/2021\/12\/fondo_header_3.jpg","width":1920,"height":1281},{"@type":"BreadcrumbList","@id":"https:\/\/pramadexcorp.com\/contactenos\/#breadcrumb","itemListElement":[{"@type":"ListItem","position":1,"name":"Portada","item":"https:\/\/pramadexcorp.com\/"},{"@type":"ListItem","position":2,"name":"Cont\u00e1ctenos"}]},{"@type":"WebSite","@id":"https:\/\/pramadexcorp.com\/#website","url":"https:\/\/pramadexcorp.com\/","name":"PRAMADEX CORPORATION PANAMA","description":"","publisher":{"@id":"https:\/\/pramadexcorp.com\/#organization"},"potentialAction":[{"@type":"SearchAction","target":{"@type":"EntryPoint","urlTemplate":"https:\/\/pramadexcorp.com\/?s={search_term_string}"},"query-input":{"@type":"PropertyValueSpecification","valueRequired":true,"valueName":"search_term_string"}}],"inLanguage":"en-US"},{"@type":"Organization","@id":"https:\/\/pramadexcorp.com\/#organization","name":"Pramadex Corporation Panama","url":"https:\/\/pramadexcorp.com\/","logo":{"@type":"ImageObject","inLanguage":"en-US","@id":"https:\/\/pramadexcorp.com\/#\/schema\/logo\/image\/","url":"https:\/\/pramadexcorp.com\/wp-content\/uploads\/2016\/03\/favicon.gif","contentUrl":"https:\/\/pramadexcorp.com\/wp-content\/uploads\/2016\/03\/favicon.gif","width":161,"height":152,"caption":"Pramadex Corporation Panama"},"image":{"@id":"https:\/\/pramadexcorp.com\/#\/schema\/logo\/image\/"}}]}},"_links":{"self":[{"href":"https:\/\/pramadexcorp.com\/en\/wp-json\/wp\/v2\/pages\/645","targetHints":{"allow":["GET"]}}],"collection":[{"href":"https:\/\/pramadexcorp.com\/en\/wp-json\/wp\/v2\/pages"}],"about":[{"href":"https:\/\/pramadexcorp.com\/en\/wp-json\/wp\/v2\/types\/page"}],"author":[{"embeddable":true,"href":"https:\/\/pramadexcorp.com\/en\/wp-json\/wp\/v2\/users\/2"}],"replies":[{"embeddable":true,"href":"https:\/\/pramadexcorp.com\/en\/wp-json\/wp\/v2\/comments?post=645"}],"version-history":[{"count":167,"href":"https:\/\/pramadexcorp.com\/en\/wp-json\/wp\/v2\/pages\/645\/revisions"}],"predecessor-version":[{"id":2240,"href":"https:\/\/pramadexcorp.com\/en\/wp-json\/wp\/v2\/pages\/645\/revisions\/2240"}],"wp:featuredmedia":[{"embeddable":true,"href":"https:\/\/pramadexcorp.com\/en\/wp-json\/wp\/v2\/media\/815"}],"wp:attachment":[{"href":"https:\/\/pramadexcorp.com\/en\/wp-json\/wp\/v2\/media?parent=645"}],"curies":[{"name":"wp","href":"https:\/\/api.w.org\/{rel}","templated":true}]}}