{"id":1803,"date":"2022-01-11T11:43:49","date_gmt":"2022-01-11T16:43:49","guid":{"rendered":"https:\/\/pramadexcorp.com\/?page_id=1803"},"modified":"2022-01-13T09:38:26","modified_gmt":"2022-01-13T14:38:26","slug":"instituciones-financieras","status":"publish","type":"page","link":"https:\/\/pramadexcorp.com\/en\/financial-institutions\/","title":{"rendered":"Financial Institutions"},"content":{"rendered":"<div data-elementor-type=\"wp-page\" data-elementor-id=\"1803\" class=\"elementor elementor-1803\" data-elementor-post-type=\"page\">\n\t\t\t\t\t\t<section class=\"elementor-section elementor-top-section elementor-element elementor-element-5178f7ca elementor-section-height-min-height elementor-section-boxed elementor-section-height-default elementor-section-items-middle\" data-id=\"5178f7ca\" data-element_type=\"section\" data-settings=\"{&quot;background_background&quot;:&quot;classic&quot;}\">\n\t\t\t\t\t\t\t<div class=\"elementor-background-overlay\"><\/div>\n\t\t\t\t\t\t\t<div class=\"elementor-container elementor-column-gap-default\">\n\t\t\t\t\t<div class=\"elementor-column elementor-col-100 elementor-top-column elementor-element elementor-element-c10e8fa\" data-id=\"c10e8fa\" data-element_type=\"column\">\n\t\t\t<div class=\"elementor-widget-wrap elementor-element-populated\">\n\t\t\t\t\t\t<div class=\"elementor-element elementor-element-2904d568 elementor-widget elementor-widget-heading\" data-id=\"2904d568\" data-element_type=\"widget\" data-widget_type=\"heading.default\">\n\t\t\t\t<div class=\"elementor-widget-container\">\n\t\t\t\t\t<h2 class=\"elementor-heading-title elementor-size-default\">Financial Institutions<\/h2>\t\t\t\t<\/div>\n\t\t\t\t<\/div>\n\t\t\t\t\t<\/div>\n\t\t<\/div>\n\t\t\t\t\t<\/div>\n\t\t<\/section>\n\t\t\t\t<section class=\"elementor-section elementor-top-section elementor-element elementor-element-2107bd23 elementor-section-content-middle elementor-section-boxed elementor-section-height-default elementor-section-height-default\" data-id=\"2107bd23\" data-element_type=\"section\" id=\"instituciones\">\n\t\t\t\t\t\t<div class=\"elementor-container elementor-column-gap-no\">\n\t\t\t\t\t<div class=\"elementor-column elementor-col-100 elementor-top-column elementor-element elementor-element-7b0de515\" data-id=\"7b0de515\" data-element_type=\"column\">\n\t\t\t<div class=\"elementor-widget-wrap elementor-element-populated\">\n\t\t\t\t\t\t<div class=\"elementor-element elementor-element-5469f8ad elementor-widget elementor-widget-heading\" data-id=\"5469f8ad\" data-element_type=\"widget\" data-widget_type=\"heading.default\">\n\t\t\t\t<div class=\"elementor-widget-container\">\n\t\t\t\t\t<h2 class=\"elementor-heading-title elementor-size-default\">Trust and Security<\/h2>\t\t\t\t<\/div>\n\t\t\t\t<\/div>\n\t\t\t\t<div class=\"elementor-element elementor-element-55170b63 elementor-widget-divider--view-line elementor-widget elementor-widget-divider\" data-id=\"55170b63\" data-element_type=\"widget\" data-widget_type=\"divider.default\">\n\t\t\t\t<div class=\"elementor-widget-container\">\n\t\t\t\t\t\t\t<div class=\"elementor-divider\">\n\t\t\t<span class=\"elementor-divider-separator\">\n\t\t\t\t\t\t<\/span>\n\t\t<\/div>\n\t\t\t\t\t\t<\/div>\n\t\t\t\t<\/div>\n\t\t\t\t<div class=\"elementor-element elementor-element-73d278a0 elementor-widget elementor-widget-heading\" data-id=\"73d278a0\" data-element_type=\"widget\" data-widget_type=\"heading.default\">\n\t\t\t\t<div class=\"elementor-widget-container\">\n\t\t\t\t\t<h5 class=\"elementor-heading-title elementor-size-default\">Our wealth management work consists in acting as intermediaries between the bank and the client and therefore, this is an added value to this relationship by having this independence with the bank. It allows us to be transparent and upright when handling the objectives of our clients.\n<\/h5>\t\t\t\t<\/div>\n\t\t\t\t<\/div>\n\t\t\t\t<section class=\"elementor-section elementor-inner-section elementor-element elementor-element-66c67537 elementor-section-boxed elementor-section-height-default elementor-section-height-default\" data-id=\"66c67537\" data-element_type=\"section\">\n\t\t\t\t\t\t<div class=\"elementor-container elementor-column-gap-default\">\n\t\t\t\t\t<div class=\"elementor-column elementor-col-25 elementor-inner-column elementor-element elementor-element-569a02e9\" data-id=\"569a02e9\" data-element_type=\"column\" data-settings=\"{&quot;background_background&quot;:&quot;classic&quot;}\">\n\t\t\t<div class=\"elementor-widget-wrap elementor-element-populated\">\n\t\t\t\t\t\t<div class=\"elementor-element elementor-element-4c4e4e elementor-widget elementor-widget-image\" data-id=\"4c4e4e\" data-element_type=\"widget\" data-widget_type=\"image.default\">\n\t\t\t\t<div class=\"elementor-widget-container\">\n\t\t\t\t\t\t\t\t\t\t\t\t\t\t\t<img decoding=\"async\" width=\"200\" height=\"150\" src=\"https:\/\/pramadexcorp.com\/wp-content\/uploads\/2021\/12\/mmg_web.png\" class=\"elementor-animation-grow attachment-large size-large wp-image-563\" alt=\"\" \/>\t\t\t\t\t\t\t\t\t\t\t\t\t\t\t<\/div>\n\t\t\t\t<\/div>\n\t\t\t\t<div class=\"elementor-element elementor-element-6774c3d4 elementor-widget elementor-widget-heading\" data-id=\"6774c3d4\" data-element_type=\"widget\" data-widget_type=\"heading.default\">\n\t\t\t\t<div class=\"elementor-widget-container\">\n\t\t\t\t\t<h2 class=\"elementor-heading-title elementor-size-default\">PANAM\u00c1<\/h2>\t\t\t\t<\/div>\n\t\t\t\t<\/div>\n\t\t\t\t\t<\/div>\n\t\t<\/div>\n\t\t\t\t<div class=\"elementor-column elementor-col-25 elementor-inner-column elementor-element elementor-element-971ce31\" data-id=\"971ce31\" data-element_type=\"column\" data-settings=\"{&quot;background_background&quot;:&quot;classic&quot;}\">\n\t\t\t<div class=\"elementor-widget-wrap elementor-element-populated\">\n\t\t\t\t\t\t<div class=\"elementor-element elementor-element-28dfbcf3 elementor-widget elementor-widget-image\" data-id=\"28dfbcf3\" data-element_type=\"widget\" data-widget_type=\"image.default\">\n\t\t\t\t<div class=\"elementor-widget-container\">\n\t\t\t\t\t\t\t\t\t\t\t\t\t\t\t<img decoding=\"async\" width=\"200\" height=\"150\" src=\"https:\/\/pramadexcorp.com\/wp-content\/uploads\/2021\/12\/prival_web.png\" class=\"elementor-animation-grow attachment-large size-large wp-image-564\" alt=\"\" \/>\t\t\t\t\t\t\t\t\t\t\t\t\t\t\t<\/div>\n\t\t\t\t<\/div>\n\t\t\t\t<div class=\"elementor-element elementor-element-22082240 elementor-widget elementor-widget-heading\" data-id=\"22082240\" data-element_type=\"widget\" data-widget_type=\"heading.default\">\n\t\t\t\t<div class=\"elementor-widget-container\">\n\t\t\t\t\t<h2 class=\"elementor-heading-title elementor-size-default\">PANAM\u00c1<\/h2>\t\t\t\t<\/div>\n\t\t\t\t<\/div>\n\t\t\t\t\t<\/div>\n\t\t<\/div>\n\t\t\t\t<div class=\"elementor-column elementor-col-25 elementor-inner-column elementor-element elementor-element-c26dbf3\" data-id=\"c26dbf3\" data-element_type=\"column\" data-settings=\"{&quot;background_background&quot;:&quot;classic&quot;}\">\n\t\t\t<div class=\"elementor-widget-wrap elementor-element-populated\">\n\t\t\t\t\t\t<div class=\"elementor-element elementor-element-8b9c2 elementor-widget elementor-widget-image\" data-id=\"8b9c2\" data-element_type=\"widget\" data-widget_type=\"image.default\">\n\t\t\t\t<div class=\"elementor-widget-container\">\n\t\t\t\t\t\t\t\t\t\t\t\t\t\t\t<img decoding=\"async\" width=\"200\" height=\"150\" src=\"https:\/\/pramadexcorp.com\/wp-content\/uploads\/2021\/12\/mmg_web.png\" class=\"elementor-animation-grow attachment-large size-large wp-image-563\" alt=\"\" \/>\t\t\t\t\t\t\t\t\t\t\t\t\t\t\t<\/div>\n\t\t\t\t<\/div>\n\t\t\t\t<div class=\"elementor-element elementor-element-5fb7ef0c elementor-widget elementor-widget-heading\" data-id=\"5fb7ef0c\" data-element_type=\"widget\" data-widget_type=\"heading.default\">\n\t\t\t\t<div class=\"elementor-widget-container\">\n\t\t\t\t\t<h2 class=\"elementor-heading-title elementor-size-default\">INTERNATIONAL, INC. PUERTO RICO<\/h2>\t\t\t\t<\/div>\n\t\t\t\t<\/div>\n\t\t\t\t\t<\/div>\n\t\t<\/div>\n\t\t\t\t<div class=\"elementor-column elementor-col-25 elementor-inner-column elementor-element elementor-element-7a3de5bd\" data-id=\"7a3de5bd\" data-element_type=\"column\" data-settings=\"{&quot;background_background&quot;:&quot;classic&quot;}\">\n\t\t\t<div class=\"elementor-widget-wrap elementor-element-populated\">\n\t\t\t\t\t\t<div class=\"elementor-element elementor-element-6ed0a181 elementor-widget elementor-widget-image\" data-id=\"6ed0a181\" data-element_type=\"widget\" data-widget_type=\"image.default\">\n\t\t\t\t<div class=\"elementor-widget-container\">\n\t\t\t\t\t\t\t\t\t\t\t\t\t\t\t<img decoding=\"async\" width=\"500\" height=\"82\" src=\"https:\/\/pramadexcorp.com\/wp-content\/uploads\/2022\/01\/fcstone_web.png\" class=\"elementor-animation-grow attachment-large size-large wp-image-1459\" alt=\"\" srcset=\"https:\/\/pramadexcorp.com\/wp-content\/uploads\/2022\/01\/fcstone_web.png 500w, https:\/\/pramadexcorp.com\/wp-content\/uploads\/2022\/01\/fcstone_web-300x49.png 300w\" sizes=\"(max-width: 500px) 100vw, 500px\" \/>\t\t\t\t\t\t\t\t\t\t\t\t\t\t\t<\/div>\n\t\t\t\t<\/div>\n\t\t\t\t<div class=\"elementor-element elementor-element-2359e31 elementor-widget elementor-widget-heading\" data-id=\"2359e31\" data-element_type=\"widget\" data-widget_type=\"heading.default\">\n\t\t\t\t<div class=\"elementor-widget-container\">\n\t\t\t\t\t<h2 class=\"elementor-heading-title elementor-size-default\">U.S.A<\/h2>\t\t\t\t<\/div>\n\t\t\t\t<\/div>\n\t\t\t\t\t<\/div>\n\t\t<\/div>\n\t\t\t\t\t<\/div>\n\t\t<\/section>\n\t\t\t\t<section class=\"elementor-section elementor-inner-section elementor-element elementor-element-101d7e5e elementor-section-boxed elementor-section-height-default elementor-section-height-default\" data-id=\"101d7e5e\" data-element_type=\"section\">\n\t\t\t\t\t\t<div class=\"elementor-container elementor-column-gap-default\">\n\t\t\t\t\t<div class=\"elementor-column elementor-col-50 elementor-inner-column elementor-element elementor-element-529872cb\" data-id=\"529872cb\" data-element_type=\"column\" data-settings=\"{&quot;background_background&quot;:&quot;classic&quot;}\">\n\t\t\t<div class=\"elementor-widget-wrap elementor-element-populated\">\n\t\t\t\t\t\t<div class=\"elementor-element elementor-element-1f706609 elementor-widget elementor-widget-heading\" data-id=\"1f706609\" data-element_type=\"widget\" data-widget_type=\"heading.default\">\n\t\t\t\t<div class=\"elementor-widget-container\">\n\t\t\t\t\t<h2 class=\"elementor-heading-title elementor-size-default\">MMG BANK <br><br>\nCorrespondence and custody<\/h2>\t\t\t\t<\/div>\n\t\t\t\t<\/div>\n\t\t\t\t<div class=\"elementor-element elementor-element-2003bceb elementor-widget elementor-widget-image\" data-id=\"2003bceb\" data-element_type=\"widget\" data-widget_type=\"image.default\">\n\t\t\t\t<div class=\"elementor-widget-container\">\n\t\t\t\t\t\t\t\t\t\t\t\t\t\t\t<img loading=\"lazy\" decoding=\"async\" width=\"800\" height=\"318\" src=\"https:\/\/pramadexcorp.com\/wp-content\/uploads\/2022\/01\/corresponsalia-1024x407.jpg\" class=\"elementor-animation-grow attachment-large size-large wp-image-1496\" alt=\"\" srcset=\"https:\/\/pramadexcorp.com\/wp-content\/uploads\/2022\/01\/corresponsalia-1024x407.jpg 1024w, https:\/\/pramadexcorp.com\/wp-content\/uploads\/2022\/01\/corresponsalia-300x119.jpg 300w, https:\/\/pramadexcorp.com\/wp-content\/uploads\/2022\/01\/corresponsalia-768x305.jpg 768w, https:\/\/pramadexcorp.com\/wp-content\/uploads\/2022\/01\/corresponsalia.jpg 1098w\" sizes=\"(max-width: 800px) 100vw, 800px\" \/>\t\t\t\t\t\t\t\t\t\t\t\t\t\t\t<\/div>\n\t\t\t\t<\/div>\n\t\t\t\t\t<\/div>\n\t\t<\/div>\n\t\t\t\t<div class=\"elementor-column elementor-col-50 elementor-inner-column elementor-element elementor-element-73a7eb75\" data-id=\"73a7eb75\" data-element_type=\"column\" data-settings=\"{&quot;background_background&quot;:&quot;classic&quot;}\">\n\t\t\t<div class=\"elementor-widget-wrap elementor-element-populated\">\n\t\t\t\t\t\t<div class=\"elementor-element elementor-element-74cbff8e elementor-widget elementor-widget-heading\" data-id=\"74cbff8e\" data-element_type=\"widget\" data-widget_type=\"heading.default\">\n\t\t\t\t<div class=\"elementor-widget-container\">\n\t\t\t\t\t<h2 class=\"elementor-heading-title elementor-size-default\">MMG BANK <br><br>\nCounterparties<\/h2>\t\t\t\t<\/div>\n\t\t\t\t<\/div>\n\t\t\t\t<div class=\"elementor-element elementor-element-24625bd4 elementor-widget elementor-widget-image\" data-id=\"24625bd4\" data-element_type=\"widget\" data-widget_type=\"image.default\">\n\t\t\t\t<div class=\"elementor-widget-container\">\n\t\t\t\t\t\t\t\t\t\t\t\t\t\t\t<img loading=\"lazy\" decoding=\"async\" width=\"800\" height=\"332\" src=\"https:\/\/pramadexcorp.com\/wp-content\/uploads\/2022\/01\/contrapartes-1024x425.jpg\" class=\"elementor-animation-grow attachment-large size-large wp-image-1507\" alt=\"\" srcset=\"https:\/\/pramadexcorp.com\/wp-content\/uploads\/2022\/01\/contrapartes-1024x425.jpg 1024w, https:\/\/pramadexcorp.com\/wp-content\/uploads\/2022\/01\/contrapartes-300x124.jpg 300w, https:\/\/pramadexcorp.com\/wp-content\/uploads\/2022\/01\/contrapartes-768x319.jpg 768w, https:\/\/pramadexcorp.com\/wp-content\/uploads\/2022\/01\/contrapartes.jpg 1116w\" sizes=\"(max-width: 800px) 100vw, 800px\" \/>\t\t\t\t\t\t\t\t\t\t\t\t\t\t\t<\/div>\n\t\t\t\t<\/div>\n\t\t\t\t\t<\/div>\n\t\t<\/div>\n\t\t\t\t\t<\/div>\n\t\t<\/section>\n\t\t\t\t\t<\/div>\n\t\t<\/div>\n\t\t\t\t\t<\/div>\n\t\t<\/section>\n\t\t\t\t<\/div>","protected":false},"excerpt":{"rendered":"<p>Instituciones Financieras Confianza y seguridad Nuestro trabajo de gesti\u00f3n patrimonial consiste en ser los intermediarios entre el banco y el cliente y, por ende eso se traduce en un valor agregado a esta relaci\u00f3n al tener esta independencia con respecto al banco. Nos permite ser transparente e \u00edntegros en manejar los objetivos de nuestros clientes. [&hellip;]<\/p>","protected":false},"author":2,"featured_media":259,"parent":0,"menu_order":0,"comment_status":"closed","ping_status":"closed","template":"","meta":{"footnotes":""},"class_list":["post-1803","page","type-page","status-publish","has-post-thumbnail","hentry"],"yoast_head":"<!-- This site is optimized with the Yoast SEO plugin v26.9 - https:\/\/yoast.com\/product\/yoast-seo-wordpress\/ -->\n<title>Pramadex Corporation Panam\u00e1 - Expertos en gesti\u00f3n patrimonial<\/title>\n<meta name=\"description\" content=\"Administramos sus activos, gastos, plantaci\u00f3n de finanzas y altamente capacitados en asistirlo con su estrategia familiar.\" \/>\n<meta name=\"robots\" content=\"index, follow, max-snippet:-1, max-image-preview:large, max-video-preview:-1\" \/>\n<link rel=\"canonical\" href=\"https:\/\/pramadexcorp.com\/en\/instituciones-financieras\/\" \/>\n<meta property=\"og:locale\" content=\"en_US\" \/>\n<meta property=\"og:type\" content=\"article\" \/>\n<meta property=\"og:title\" content=\"Pramadex Corporation Panam\u00e1 - Expertos en gesti\u00f3n patrimonial\" \/>\n<meta property=\"og:description\" content=\"Administramos sus activos, gastos, plantaci\u00f3n de finanzas y altamente capacitados en asistirlo con su estrategia familiar.\" \/>\n<meta property=\"og:url\" content=\"https:\/\/pramadexcorp.com\/en\/instituciones-financieras\/\" \/>\n<meta property=\"og:site_name\" content=\"PRAMADEX CORPORATION PANAMA\" \/>\n<meta property=\"article:modified_time\" content=\"2022-01-13T14:38:26+00:00\" \/>\n<meta property=\"og:image\" content=\"https:\/\/pramadexcorp.com\/wp-content\/uploads\/2021\/12\/fondo_alternativo.jpg\" \/>\n\t<meta property=\"og:image:width\" content=\"1920\" \/>\n\t<meta property=\"og:image:height\" content=\"1080\" \/>\n\t<meta property=\"og:image:type\" content=\"image\/jpeg\" \/>\n<meta name=\"twitter:card\" content=\"summary_large_image\" \/>\n<meta name=\"twitter:label1\" content=\"Est. reading time\" \/>\n\t<meta name=\"twitter:data1\" content=\"2 minutes\" \/>\n<script type=\"application\/ld+json\" class=\"yoast-schema-graph\">{\"@context\":\"https:\/\/schema.org\",\"@graph\":[{\"@type\":\"WebPage\",\"@id\":\"https:\/\/pramadexcorp.com\/instituciones-financieras\/\",\"url\":\"https:\/\/pramadexcorp.com\/instituciones-financieras\/\",\"name\":\"Pramadex Corporation Panam\u00e1 - Expertos en gesti\u00f3n patrimonial\",\"isPartOf\":{\"@id\":\"https:\/\/pramadexcorp.com\/#website\"},\"primaryImageOfPage\":{\"@id\":\"https:\/\/pramadexcorp.com\/instituciones-financieras\/#primaryimage\"},\"image\":{\"@id\":\"https:\/\/pramadexcorp.com\/instituciones-financieras\/#primaryimage\"},\"thumbnailUrl\":\"https:\/\/pramadexcorp.com\/wp-content\/uploads\/2021\/12\/fondo_alternativo.jpg\",\"datePublished\":\"2022-01-11T16:43:49+00:00\",\"dateModified\":\"2022-01-13T14:38:26+00:00\",\"description\":\"Administramos sus activos, gastos, plantaci\u00f3n de finanzas y altamente capacitados en asistirlo con su estrategia familiar.\",\"breadcrumb\":{\"@id\":\"https:\/\/pramadexcorp.com\/instituciones-financieras\/#breadcrumb\"},\"inLanguage\":\"en-US\",\"potentialAction\":[{\"@type\":\"ReadAction\",\"target\":[\"https:\/\/pramadexcorp.com\/instituciones-financieras\/\"]}]},{\"@type\":\"ImageObject\",\"inLanguage\":\"en-US\",\"@id\":\"https:\/\/pramadexcorp.com\/instituciones-financieras\/#primaryimage\",\"url\":\"https:\/\/pramadexcorp.com\/wp-content\/uploads\/2021\/12\/fondo_alternativo.jpg\",\"contentUrl\":\"https:\/\/pramadexcorp.com\/wp-content\/uploads\/2021\/12\/fondo_alternativo.jpg\",\"width\":1920,\"height\":1080},{\"@type\":\"BreadcrumbList\",\"@id\":\"https:\/\/pramadexcorp.com\/instituciones-financieras\/#breadcrumb\",\"itemListElement\":[{\"@type\":\"ListItem\",\"position\":1,\"name\":\"Portada\",\"item\":\"https:\/\/pramadexcorp.com\/\"},{\"@type\":\"ListItem\",\"position\":2,\"name\":\"Instituciones Financieras\"}]},{\"@type\":\"WebSite\",\"@id\":\"https:\/\/pramadexcorp.com\/#website\",\"url\":\"https:\/\/pramadexcorp.com\/\",\"name\":\"PRAMADEX CORPORATION PANAMA\",\"description\":\"\",\"publisher\":{\"@id\":\"https:\/\/pramadexcorp.com\/#organization\"},\"potentialAction\":[{\"@type\":\"SearchAction\",\"target\":{\"@type\":\"EntryPoint\",\"urlTemplate\":\"https:\/\/pramadexcorp.com\/?s={search_term_string}\"},\"query-input\":{\"@type\":\"PropertyValueSpecification\",\"valueRequired\":true,\"valueName\":\"search_term_string\"}}],\"inLanguage\":\"en-US\"},{\"@type\":\"Organization\",\"@id\":\"https:\/\/pramadexcorp.com\/#organization\",\"name\":\"Pramadex Corporation Panama\",\"url\":\"https:\/\/pramadexcorp.com\/\",\"logo\":{\"@type\":\"ImageObject\",\"inLanguage\":\"en-US\",\"@id\":\"https:\/\/pramadexcorp.com\/#\/schema\/logo\/image\/\",\"url\":\"https:\/\/pramadexcorp.com\/wp-content\/uploads\/2016\/03\/favicon.gif\",\"contentUrl\":\"https:\/\/pramadexcorp.com\/wp-content\/uploads\/2016\/03\/favicon.gif\",\"width\":161,\"height\":152,\"caption\":\"Pramadex Corporation Panama\"},\"image\":{\"@id\":\"https:\/\/pramadexcorp.com\/#\/schema\/logo\/image\/\"}}]}<\/script>\n<!-- \/ Yoast SEO plugin. -->","yoast_head_json":{"title":"Pramadex Corporation Panam\u00e1 - Expertos en gesti\u00f3n patrimonial","description":"Administramos sus activos, gastos, plantaci\u00f3n de finanzas y altamente capacitados en asistirlo con su estrategia familiar.","robots":{"index":"index","follow":"follow","max-snippet":"max-snippet:-1","max-image-preview":"max-image-preview:large","max-video-preview":"max-video-preview:-1"},"canonical":"https:\/\/pramadexcorp.com\/en\/instituciones-financieras\/","og_locale":"en_US","og_type":"article","og_title":"Pramadex Corporation Panam\u00e1 - Expertos en gesti\u00f3n patrimonial","og_description":"Administramos sus activos, gastos, plantaci\u00f3n de finanzas y altamente capacitados en asistirlo con su estrategia familiar.","og_url":"https:\/\/pramadexcorp.com\/en\/instituciones-financieras\/","og_site_name":"PRAMADEX CORPORATION PANAMA","article_modified_time":"2022-01-13T14:38:26+00:00","og_image":[{"width":1920,"height":1080,"url":"https:\/\/pramadexcorp.com\/wp-content\/uploads\/2021\/12\/fondo_alternativo.jpg","type":"image\/jpeg"}],"twitter_card":"summary_large_image","twitter_misc":{"Est. reading time":"2 minutes"},"schema":{"@context":"https:\/\/schema.org","@graph":[{"@type":"WebPage","@id":"https:\/\/pramadexcorp.com\/instituciones-financieras\/","url":"https:\/\/pramadexcorp.com\/instituciones-financieras\/","name":"Pramadex Corporation Panam\u00e1 - Expertos en gesti\u00f3n patrimonial","isPartOf":{"@id":"https:\/\/pramadexcorp.com\/#website"},"primaryImageOfPage":{"@id":"https:\/\/pramadexcorp.com\/instituciones-financieras\/#primaryimage"},"image":{"@id":"https:\/\/pramadexcorp.com\/instituciones-financieras\/#primaryimage"},"thumbnailUrl":"https:\/\/pramadexcorp.com\/wp-content\/uploads\/2021\/12\/fondo_alternativo.jpg","datePublished":"2022-01-11T16:43:49+00:00","dateModified":"2022-01-13T14:38:26+00:00","description":"Administramos sus activos, gastos, plantaci\u00f3n de finanzas y altamente capacitados en asistirlo con su estrategia familiar.","breadcrumb":{"@id":"https:\/\/pramadexcorp.com\/instituciones-financieras\/#breadcrumb"},"inLanguage":"en-US","potentialAction":[{"@type":"ReadAction","target":["https:\/\/pramadexcorp.com\/instituciones-financieras\/"]}]},{"@type":"ImageObject","inLanguage":"en-US","@id":"https:\/\/pramadexcorp.com\/instituciones-financieras\/#primaryimage","url":"https:\/\/pramadexcorp.com\/wp-content\/uploads\/2021\/12\/fondo_alternativo.jpg","contentUrl":"https:\/\/pramadexcorp.com\/wp-content\/uploads\/2021\/12\/fondo_alternativo.jpg","width":1920,"height":1080},{"@type":"BreadcrumbList","@id":"https:\/\/pramadexcorp.com\/instituciones-financieras\/#breadcrumb","itemListElement":[{"@type":"ListItem","position":1,"name":"Portada","item":"https:\/\/pramadexcorp.com\/"},{"@type":"ListItem","position":2,"name":"Instituciones Financieras"}]},{"@type":"WebSite","@id":"https:\/\/pramadexcorp.com\/#website","url":"https:\/\/pramadexcorp.com\/","name":"PRAMADEX CORPORATION PANAMA","description":"","publisher":{"@id":"https:\/\/pramadexcorp.com\/#organization"},"potentialAction":[{"@type":"SearchAction","target":{"@type":"EntryPoint","urlTemplate":"https:\/\/pramadexcorp.com\/?s={search_term_string}"},"query-input":{"@type":"PropertyValueSpecification","valueRequired":true,"valueName":"search_term_string"}}],"inLanguage":"en-US"},{"@type":"Organization","@id":"https:\/\/pramadexcorp.com\/#organization","name":"Pramadex Corporation Panama","url":"https:\/\/pramadexcorp.com\/","logo":{"@type":"ImageObject","inLanguage":"en-US","@id":"https:\/\/pramadexcorp.com\/#\/schema\/logo\/image\/","url":"https:\/\/pramadexcorp.com\/wp-content\/uploads\/2016\/03\/favicon.gif","contentUrl":"https:\/\/pramadexcorp.com\/wp-content\/uploads\/2016\/03\/favicon.gif","width":161,"height":152,"caption":"Pramadex Corporation Panama"},"image":{"@id":"https:\/\/pramadexcorp.com\/#\/schema\/logo\/image\/"}}]}},"_links":{"self":[{"href":"https:\/\/pramadexcorp.com\/en\/wp-json\/wp\/v2\/pages\/1803","targetHints":{"allow":["GET"]}}],"collection":[{"href":"https:\/\/pramadexcorp.com\/en\/wp-json\/wp\/v2\/pages"}],"about":[{"href":"https:\/\/pramadexcorp.com\/en\/wp-json\/wp\/v2\/types\/page"}],"author":[{"embeddable":true,"href":"https:\/\/pramadexcorp.com\/en\/wp-json\/wp\/v2\/users\/2"}],"replies":[{"embeddable":true,"href":"https:\/\/pramadexcorp.com\/en\/wp-json\/wp\/v2\/comments?post=1803"}],"version-history":[{"count":23,"href":"https:\/\/pramadexcorp.com\/en\/wp-json\/wp\/v2\/pages\/1803\/revisions"}],"predecessor-version":[{"id":2027,"href":"https:\/\/pramadexcorp.com\/en\/wp-json\/wp\/v2\/pages\/1803\/revisions\/2027"}],"wp:featuredmedia":[{"embeddable":true,"href":"https:\/\/pramadexcorp.com\/en\/wp-json\/wp\/v2\/media\/259"}],"wp:attachment":[{"href":"https:\/\/pramadexcorp.com\/en\/wp-json\/wp\/v2\/media?parent=1803"}],"curies":[{"name":"wp","href":"https:\/\/api.w.org\/{rel}","templated":true}]}}